{"id":62,"date":"2020-01-09T22:38:42","date_gmt":"2020-01-09T22:38:42","guid":{"rendered":"http:\/\/gleiss-translation.de\/?page_id=62"},"modified":"2020-01-16T19:34:42","modified_gmt":"2020-01-16T19:34:42","slug":"impressum","status":"publish","type":"page","link":"https:\/\/gleiss-translation.de\/?page_id=62","title":{"rendered":"Impressum"},"content":{"rendered":"\n<p>Verantwortlich f\u00fcr diese Website ist:<\/p>\n\n\n\n<p>Gabriele Gleiss-Balthasar<br>Sprunerstr. 8a<br>D-80637 M\u00fcnchen<\/p>\n\n\n\n<p>Telefon: +49 (0) 89 1418844<br>E-Mail:&nbsp;<a>Gleiss-Balthasar[at]t-online.de<\/a><\/p>\n\n\n\n<p>Umsatzsteuer-Identifikationsnummer gem\u00e4\u00df \u00a7 27a Umsatzsteuergesetz: DE130336659<\/p>\n\n\n\n<p>Text: Gabriele Gleiss-Balthasar, Laura Balthasar<br>Fotos: WordPress, Louisa Balthasar<\/p>\n\n\n\n<p>Trotz sorgf\u00e4ltiger inhaltlicher Kontrolle \u00fcbernehme ich keine Haftung f\u00fcr die Inhalte externer Links. F\u00fcr den Inhalt der verlinkten Seiten sind ausschlie\u00dflich deren Betreiber verantwortlich.<\/p>\n","protected":false},"excerpt":{"rendered":"<p>Verantwortlich f\u00fcr diese Website ist: Gabriele Gleiss-BalthasarSprunerstr. 8aD-80637 M\u00fcnchen Telefon: +49 (0) 89 1418844E-Mail:&nbsp;Gleiss-Balthasar[at]t-online.de Umsatzsteuer-Identifikationsnummer gem\u00e4\u00df \u00a7 27a Umsatzsteuergesetz: DE130336659 Text: Gabriele Gleiss-Balthasar, Laura BalthasarFotos: WordPress, Louisa Balthasar Trotz sorgf\u00e4ltiger inhaltlicher Kontrolle \u00fcbernehme ich keine &hellip;<\/p>\n","protected":false},"author":1,"featured_media":0,"parent":0,"menu_order":0,"comment_status":"closed","ping_status":"closed","template":"","meta":[],"_links":{"self":[{"href":"https:\/\/gleiss-translation.de\/index.php?rest_route=\/wp\/v2\/pages\/62"}],"collection":[{"href":"https:\/\/gleiss-translation.de\/index.php?rest_route=\/wp\/v2\/pages"}],"about":[{"href":"https:\/\/gleiss-translation.de\/index.php?rest_route=\/wp\/v2\/types\/page"}],"author":[{"embeddable":true,"href":"https:\/\/gleiss-translation.de\/index.php?rest_route=\/wp\/v2\/users\/1"}],"replies":[{"embeddable":true,"href":"https:\/\/gleiss-translation.de\/index.php?rest_route=%2Fwp%2Fv2%2Fcomments&post=62"}],"version-history":[{"count":5,"href":"https:\/\/gleiss-translation.de\/index.php?rest_route=\/wp\/v2\/pages\/62\/revisions"}],"predecessor-version":[{"id":130,"href":"https:\/\/gleiss-translation.de\/index.php?rest_route=\/wp\/v2\/pages\/62\/revisions\/130"}],"wp:attachment":[{"href":"https:\/\/gleiss-translation.de\/index.php?rest_route=%2Fwp%2Fv2%2Fmedia&parent=62"}],"curies":[{"name":"wp","href":"https:\/\/api.w.org\/{rel}","templated":true}]}}