{"id":44,"date":"2020-01-09T22:20:00","date_gmt":"2020-01-09T22:20:00","guid":{"rendered":"http:\/\/gleiss-translation.de\/?page_id=44"},"modified":"2020-04-06T13:00:26","modified_gmt":"2020-04-06T13:00:26","slug":"stadtfuehrungen","status":"publish","type":"page","link":"https:\/\/gleiss-translation.de\/?page_id=44","title":{"rendered":"Stadtf\u00fchrungen"},"content":{"rendered":"\n<div class=\"wp-block-image\"><figure class=\"alignright size-large is-resized\"><img loading=\"lazy\" src=\"https:\/\/gleiss-translation.de\/wp-content\/uploads\/2020\/01\/DSC01243-1-646x1024.jpg\" alt=\"\" class=\"wp-image-95\" width=\"113\" height=\"179\" srcset=\"https:\/\/gleiss-translation.de\/wp-content\/uploads\/2020\/01\/DSC01243-1-646x1024.jpg 646w, https:\/\/gleiss-translation.de\/wp-content\/uploads\/2020\/01\/DSC01243-1-189x300.jpg 189w, https:\/\/gleiss-translation.de\/wp-content\/uploads\/2020\/01\/DSC01243-1-768x1217.jpg 768w, https:\/\/gleiss-translation.de\/wp-content\/uploads\/2020\/01\/DSC01243-1-969x1536.jpg 969w, https:\/\/gleiss-translation.de\/wp-content\/uploads\/2020\/01\/DSC01243-1-1292x2048.jpg 1292w, https:\/\/gleiss-translation.de\/wp-content\/uploads\/2020\/01\/DSC01243-1-scaled.jpg 1615w\" sizes=\"(max-width: 113px) 100vw, 113px\" \/><\/figure><\/div>\n\n\n\n<div class=\"wp-block-image\"><figure class=\"alignleft size-large is-resized\"><img loading=\"lazy\" src=\"https:\/\/gleiss-translation.de\/wp-content\/uploads\/2020\/04\/39AB67A8-286B-4B77-9A1D-74E8EE6EF5BB.jpeg\" alt=\"\" class=\"wp-image-138\" width=\"194\" height=\"194\" srcset=\"https:\/\/gleiss-translation.de\/wp-content\/uploads\/2020\/04\/39AB67A8-286B-4B77-9A1D-74E8EE6EF5BB.jpeg 480w, https:\/\/gleiss-translation.de\/wp-content\/uploads\/2020\/04\/39AB67A8-286B-4B77-9A1D-74E8EE6EF5BB-300x300.jpeg 300w, https:\/\/gleiss-translation.de\/wp-content\/uploads\/2020\/04\/39AB67A8-286B-4B77-9A1D-74E8EE6EF5BB-150x150.jpeg 150w\" sizes=\"(max-width: 194px) 100vw, 194px\" \/><\/figure><\/div>\n\n\n\n<p><strong>Gabriele Gleiss-Balthasar<\/strong><br>Sprunerstr. 8a<br>D-80637 M\u00fcnchen<br>Telefon: +49 (0) 89 1418844<br>E-Mail:&nbsp;<a>Gleiss-Balthasar[at]t-online.de<\/a><\/p>\n\n\n\n<p><a rel=\"noreferrer noopener\" aria-label=\"Offizielle G\u00e4stef\u00fchrerin der Landeshauptstadt M\u00fcnchen (\u00f6ffnet in neuem Tab)\" href=\"https:\/\/mgv-muenchen.de\/?s=&amp;list_guides=1&amp;guide_id=160\" target=\"_blank\">Offizielle G\u00e4stef\u00fchrerin der Landeshauptstadt M\u00fcnchen<\/a><\/p>\n\n\n\n<p>Sie sind neu in M\u00fcnchen? Oder wohnen schon immer hier, m\u00f6chten Ihre Stadt aber besser kennenlernen?<\/p>\n\n\n\n<p>Ich biete diverse F\u00fchrungen, u. a. Innenstadtrundg\u00e4nge, Stadtrundfahrten und Themenf\u00fchrungen, wie:<\/p>\n\n\n\n<ul><li>die Stadt unter Ludwig I.<\/li><li>Universit\u00e4ts- und Museumsviertel<\/li><li>Jugendstil in Schwabing<\/li><li>Olympiagel\u00e4nde (Park, Dorf, Turm)<\/li><li>M\u00fcnchen, Hauptstadt der Bewegung im Nationalsozialismus<\/li><\/ul>\n\n\n\n<p>Weitere F\u00fchrungen auf Anfrage.<\/p>\n\n\n\n<div class=\"wp-block-image\"><figure class=\"aligncenter size-large\"><img loading=\"lazy\" width=\"640\" height=\"344\" src=\"https:\/\/gleiss-translation.de\/wp-content\/uploads\/2020\/04\/DSC00028.jpeg\" alt=\"\" class=\"wp-image-167\" srcset=\"https:\/\/gleiss-translation.de\/wp-content\/uploads\/2020\/04\/DSC00028.jpeg 640w, https:\/\/gleiss-translation.de\/wp-content\/uploads\/2020\/04\/DSC00028-300x161.jpeg 300w, https:\/\/gleiss-translation.de\/wp-content\/uploads\/2020\/04\/DSC00028-558x300.jpeg 558w\" sizes=\"(max-width: 640px) 100vw, 640px\" \/><\/figure><\/div>\n","protected":false},"excerpt":{"rendered":"<p>Gabriele Gleiss-BalthasarSprunerstr. 8aD-80637 M\u00fcnchenTelefon: +49 (0) 89 1418844E-Mail:&nbsp;Gleiss-Balthasar[at]t-online.de Offizielle G\u00e4stef\u00fchrerin der Landeshauptstadt M\u00fcnchen Sie sind neu in M\u00fcnchen? Oder wohnen schon immer hier, m\u00f6chten Ihre Stadt aber besser kennenlernen? Ich biete diverse F\u00fchrungen, u. a. &hellip;<\/p>\n","protected":false},"author":1,"featured_media":0,"parent":0,"menu_order":0,"comment_status":"closed","ping_status":"closed","template":"","meta":[],"_links":{"self":[{"href":"https:\/\/gleiss-translation.de\/index.php?rest_route=\/wp\/v2\/pages\/44"}],"collection":[{"href":"https:\/\/gleiss-translation.de\/index.php?rest_route=\/wp\/v2\/pages"}],"about":[{"href":"https:\/\/gleiss-translation.de\/index.php?rest_route=\/wp\/v2\/types\/page"}],"author":[{"embeddable":true,"href":"https:\/\/gleiss-translation.de\/index.php?rest_route=\/wp\/v2\/users\/1"}],"replies":[{"embeddable":true,"href":"https:\/\/gleiss-translation.de\/index.php?rest_route=%2Fwp%2Fv2%2Fcomments&post=44"}],"version-history":[{"count":9,"href":"https:\/\/gleiss-translation.de\/index.php?rest_route=\/wp\/v2\/pages\/44\/revisions"}],"predecessor-version":[{"id":171,"href":"https:\/\/gleiss-translation.de\/index.php?rest_route=\/wp\/v2\/pages\/44\/revisions\/171"}],"wp:attachment":[{"href":"https:\/\/gleiss-translation.de\/index.php?rest_route=%2Fwp%2Fv2%2Fmedia&parent=44"}],"curies":[{"name":"wp","href":"https:\/\/api.w.org\/{rel}","templated":true}]}}