{"id":10,"date":"2020-01-08T21:41:30","date_gmt":"2020-01-08T21:41:30","guid":{"rendered":"http:\/\/gleiss-translation.de\/?page_id=10"},"modified":"2024-09-26T08:43:16","modified_gmt":"2024-09-26T08:43:16","slug":"ueber-mich","status":"publish","type":"page","link":"https:\/\/gleiss-translation.de\/","title":{"rendered":"\u00dcbersetzerin &#038; Dolmetscherin"},"content":{"rendered":"\n<div class=\"wp-block-image\"><figure class=\"alignright size-large is-resized\"><img loading=\"lazy\" src=\"https:\/\/gleiss-translation.de\/wp-content\/uploads\/2020\/01\/DSC01243-1-646x1024.jpg\" alt=\"\" class=\"wp-image-95\" width=\"191\" height=\"302\" srcset=\"https:\/\/gleiss-translation.de\/wp-content\/uploads\/2020\/01\/DSC01243-1-646x1024.jpg 646w, https:\/\/gleiss-translation.de\/wp-content\/uploads\/2020\/01\/DSC01243-1-189x300.jpg 189w, https:\/\/gleiss-translation.de\/wp-content\/uploads\/2020\/01\/DSC01243-1-768x1217.jpg 768w, https:\/\/gleiss-translation.de\/wp-content\/uploads\/2020\/01\/DSC01243-1-969x1536.jpg 969w, https:\/\/gleiss-translation.de\/wp-content\/uploads\/2020\/01\/DSC01243-1-1292x2048.jpg 1292w, https:\/\/gleiss-translation.de\/wp-content\/uploads\/2020\/01\/DSC01243-1-scaled.jpg 1615w\" sizes=\"(max-width: 191px) 100vw, 191px\" \/><\/figure><\/div>\n\n\n\n<p><strong>Gabriele Gleiss-Balthasar<\/strong><br>Sprunerstr. 8a<br>D-80637 M\u00fcnchen<br>Telefon: +49 (0) 89 1418844<br>E-Mail:&nbsp;<a>Gleiss-Balthasar[at]t-online.de<\/a><\/p>\n\n\n\n<p>Diplom-\u00dcbersetzerin und Dolmetscherin f\u00fcr Franz\u00f6sisch und Englisch<br>\u00d6ffentlich bestellt und beeidigt f\u00fcr die franz\u00f6sische Sprache<\/p>\n\n\n\n<p>Offizielle G\u00e4stef\u00fchrerin der Stadt M\u00fcnchen<\/p>\n\n\n\n<p><strong>Mitglied bei<\/strong><br><a href=\"https:\/\/mitglieder.bdue.de\/Gabriele-Gleiss-Balthasar\" target=\"_blank\" rel=\"noreferrer noopener\" aria-label=\"www.bdue-bayern.de (\u00f6ffnet in neuem Tab)\">www.bdue-bayern.de<\/a> (Bundesverband der Dolmetscher und \u00dcbersetzer)<br>www.vbdu.de (Verband der beeidigten Dolmetscher und \u00dcbersetzer)<br><a rel=\"noreferrer noopener\" aria-label=\"www.mgv-muenchen.de (\u00f6ffnet in neuem Tab)\" href=\"https:\/\/mgv-muenchen.de\/?s=&amp;list_guides=1&amp;guide_id=160\" target=\"_blank\">www.mgv-muenchen.de<\/a> (M\u00fcnchner G\u00e4stef\u00fchrer Verein e. V.)<br><a rel=\"noreferrer noopener\" aria-label=\" (\u00f6ffnet in neuem Tab)\" href=\"https:\/\/www.xing.com\/profile\/Gabriele_GleissBalthasar\" target=\"_blank\">Xing<\/a><br><a rel=\"noreferrer noopener\" aria-label=\"LinkedIn (\u00f6ffnet in neuem Tab)\" href=\"https:\/\/www.linkedin.com\/in\/gabriele-gleiss-8ba1b819\/\" target=\"_blank\">LinkedIn<\/a><\/p>\n\n\n\n<p><\/p>\n\n\n\n<p><strong>Mein Werdegang:<\/strong><br>Abitur<br>Studium an der Sorbonne, Paris<br>Abgeschlossenes Diplomstudium Franz\u00f6sisch und Englisch, Universit\u00e4t Heidelberg<br>Kenntnisse in Spanisch, Portugiesisch und Schwedisch<br>9 Jahre angestellt als \u00dcbersetzerin und Dolmetscherin in einer Anlagenbaufirma<br>seit 1989 selbstst\u00e4ndig als \u00dcbersetzerin und Dolmetscherin<\/p>\n\n\n\n<p><\/p>\n\n\n\n<p><\/p>\n\n\n\n<p>&#8211; \u00dcbersetzungen mit konsistenter Terminologie durch Einsatz der neuesten CAT-Tools (SDL Trados Studio 2022) und Terminologieverwaltungssysteme<br>&#8211; garantierte Zuverl\u00e4ssigkeit und Termintreue<br>&#8211; Zusammenarbeit mit einem Team kompetenter und erfahrener Kollegen f\u00fcr weitere Sprachenkombinationen<br><br>&#8211; \u00dcbersetzen kann man nur, was man versteht!<\/p>\n\n\n\n<p><\/p>\n\n\n\n<p><strong>Fachgebiete:<\/strong><br>Patentrecht, Recht, Kraftfahrzeugtechnik, Anlagentechnik, Umwelttechnik, Maschinenbau, Elektrotechnik, Metallurgie, Medizin, Biologie; <br>Literatur, Film<br><br><strong>Preise:<\/strong><br>Preise f\u00fcr \u00dcbersetzungen und Dolmetscheins\u00e4tze auf Anfrage<\/p>\n","protected":false},"excerpt":{"rendered":"<p>Gabriele Gleiss-BalthasarSprunerstr. 8aD-80637 M\u00fcnchenTelefon: +49 (0) 89 1418844E-Mail:&nbsp;Gleiss-Balthasar[at]t-online.de Diplom-\u00dcbersetzerin und Dolmetscherin f\u00fcr Franz\u00f6sisch und Englisch\u00d6ffentlich bestellt und beeidigt f\u00fcr die franz\u00f6sische Sprache Offizielle G\u00e4stef\u00fchrerin der Stadt M\u00fcnchen Mitglied beiwww.bdue-bayern.de (Bundesverband der Dolmetscher und \u00dcbersetzer)www.vbdu.de (Verband &hellip;<\/p>\n","protected":false},"author":1,"featured_media":0,"parent":0,"menu_order":0,"comment_status":"closed","ping_status":"closed","template":"","meta":[],"_links":{"self":[{"href":"https:\/\/gleiss-translation.de\/index.php?rest_route=\/wp\/v2\/pages\/10"}],"collection":[{"href":"https:\/\/gleiss-translation.de\/index.php?rest_route=\/wp\/v2\/pages"}],"about":[{"href":"https:\/\/gleiss-translation.de\/index.php?rest_route=\/wp\/v2\/types\/page"}],"author":[{"embeddable":true,"href":"https:\/\/gleiss-translation.de\/index.php?rest_route=\/wp\/v2\/users\/1"}],"replies":[{"embeddable":true,"href":"https:\/\/gleiss-translation.de\/index.php?rest_route=%2Fwp%2Fv2%2Fcomments&post=10"}],"version-history":[{"count":26,"href":"https:\/\/gleiss-translation.de\/index.php?rest_route=\/wp\/v2\/pages\/10\/revisions"}],"predecessor-version":[{"id":191,"href":"https:\/\/gleiss-translation.de\/index.php?rest_route=\/wp\/v2\/pages\/10\/revisions\/191"}],"wp:attachment":[{"href":"https:\/\/gleiss-translation.de\/index.php?rest_route=%2Fwp%2Fv2%2Fmedia&parent=10"}],"curies":[{"name":"wp","href":"https:\/\/api.w.org\/{rel}","templated":true}]}}